{"id":5746,"date":"2018-10-22T13:47:56","date_gmt":"2018-10-22T10:47:56","guid":{"rendered":"https:\/\/www.ekko-wp.com\/?page_id=5746"},"modified":"2023-03-01T23:03:00","modified_gmt":"2023-03-01T20:03:00","slug":"hakkimizda","status":"publish","type":"page","link":"https:\/\/aroraspabeauty.com\/?page_id=5746","title":{"rendered":"HAKKIMIZDA"},"content":{"rendered":"<section class=\"wpb-content-wrapper\"><p>[vc_row full_width=&#8221;stretch_row&#8221; kd_background_image_position=&#8221;vc_row-bg-position-top&#8221;][vc_column css=&#8221;.vc_custom_1516008233239{padding-right: 0px !important;padding-left: 0px !important;}&#8221;]<header class=\"kd-section-title col-lg-12 text-center  subtitle-below-title kd-animated fadeIn   vc_custom_1677544399479\" data-animation-delay=200><h2 class=\"separator_off\" style=\"margin-bottom:30px;\">Arora Spa&amp;Beauty ~ Optimum Luxury Hotel<\/h2><h6 class=\"subtitle\" >Arora Spa&amp;Beauty, Antalya'n\u0131n Lara b\u00f6lgesinde Optimum Luxury Hotel i\u00e7inde hizmet veren modern ve l\u00fcks bir spa merkezidir. Konforlu ve rahatlat\u0131c\u0131 bir atmosfere sahip olan merkezimizde, ziyaret\u00e7ilerimiz kendilerini \u00f6zel ve \u015f\u0131mart\u0131lm\u0131\u015f hissedebilirler.<\/p>\n<p>Kapal\u0131 havuz, konuklar\u0131m\u0131za y\u0131l\u0131n her zaman\u0131 y\u00fczme keyfi sunar ve rahatlamalar\u0131n\u0131 sa\u011flar. Ayr\u0131ca spa b\u00f6l\u00fcm\u00fcm\u00fczdeki di\u011fer tesislerimiz aras\u0131nda sauna, buhar odas\u0131, masaj ve g\u00fczellik terapileri gibi se\u00e7enekler de bulunmaktad\u0131r.<\/p>\n<p>Arora Spa&amp;Beauty, kaliteli ve l\u00fcks hizmet anlay\u0131\u015f\u0131 ile ziyaret\u00e7ilerimizi memnun etmeyi hedeflemektedir. Konuklar\u0131m\u0131z\u0131n kendilerini rahat hissetmeleri i\u00e7in \u00f6zel olarak tasarlanm\u0131\u015f modern ve \u015f\u0131k tasar\u0131ml\u0131 tesisimizde, profesyonel ve deneyimli personelimiz ziyaret\u00e7ilerimize \u00f6zel hizmet sunmaktad\u0131r.<\/p>\n<p>Merkezimizdeki t\u00fcm terapiler ve hizmetler, y\u00fcksek kalite standartlar\u0131na uygun olarak sunulmakta ve konuklar\u0131m\u0131z\u0131n memnuniyeti her zaman \u00f6ncelikli hedefimiz olmaktad\u0131r. Optimum Luxury Hotel, Antalya'n\u0131n Lara b\u00f6lgesinde konumlanmas\u0131yla, tatil ve i\u015f seyahatleri i\u00e7in ideal bir konaklama deneyimi sunmaktad\u0131r.<\/h6><\/header>[\/vc_column][\/vc_row][vc_row full_width=&#8221;stretch_row_content_no_spaces&#8221; kd_background_image_position=&#8221;vc_row-bg-position-top&#8221; css_tablet_portrait=&#8221;.vc_custom_1605532527183{margin-top: 50px !important;}&#8221; css_mobile=&#8221;.vc_custom_1605532527184{margin-top: 20px !important;}&#8221;][vc_column css=&#8221;.vc_custom_1515752234075{padding-right: 0px !important;padding-left: 0px !important;}&#8221;][vc_row_inner full_width=&#8221;inner_row_contained&#8221; gap=&#8221;30&#8243; kd_background_image_position=&#8221;vc_row-bg-position-top&#8221; kd_background_overlay=&#8221;true&#8221; css=&#8221;.vc_custom_1606158366734{margin-right: 60px !important;margin-left: 60px !important;padding-top: 120px !important;padding-bottom: 100px !important;border-radius: 50px !important;}&#8221; css_mobile=&#8221;.vc_custom_1606158366737{margin-right: 0px !important;margin-left: 0px !important;padding-top: 100px !important;padding-bottom: 100px !important;border-radius: 0px !important;}&#8221; css_tablet_portrait=&#8221;.vc_custom_1606158366736{margin-right: 0px !important;margin-left: 0px !important;padding-top: 100px !important;padding-bottom: 100px !important;border-radius: 0px !important;}&#8221; css_tablet_landscape=&#8221;.vc_custom_1606158366735{margin-right: 0px !important;margin-left: 0px !important;padding-top: 100px !important;padding-bottom: 100px !important;border-radius: 0px !important;}&#8221;][vc_column_inner width=&#8221;1\/2&#8243; css=&#8221;.vc_custom_1603882872914{padding-right: 15px !important;padding-left: 0px !important;}&#8221; offset=&#8221;vc_col-lg-6 vc_col-md-12&#8243; css_tablet_portrait=&#8221;.vc_custom_1603882872915{padding-right: 15px !important;padding-left: 15px !important;}&#8221; css_mobile=&#8221;.vc_custom_1603882872915{padding-right: 15px !important;padding-left: 15px !important;}&#8221; css_tablet_landscape=&#8221;.vc_custom_1603882872914{padding-right: 15px !important;padding-left: 15px !important;}&#8221;][vc_toggle title=&#8221;Arora Spa&amp;Beauty&#8217;de hangi hizmetler sunulmaktad\u0131r?&#8221; open=&#8221;true&#8221; css_animation=&#8221;fadeIn&#8221;]Merkezimizde kapal\u0131 havuz, sauna, buhar odas\u0131, masaj ve g\u00fczellik terapileri gibi bir\u00e7ok hizmet sunulmaktad\u0131r. Hizmetlerimiz hakk\u0131nda daha detayl\u0131 bilgi web sitemiz i\u00e7erisinde mevcut.[\/vc_toggle][vc_toggle title=&#8221;Arora Spa&amp;Beauty&#8217;nin \u00e7al\u0131\u015fma saatleri nelerdir?&#8221; css_animation=&#8221;fadeIn&#8221;]Merkezimiz, haftan\u0131n her g\u00fcn\u00fc 10:00-22:00 saatleri aras\u0131nda hizmet vermektedir. Ayr\u0131ca talep \u00fczerine \u00f6zel rezervasyonlar da yap\u0131labilmektedir.[\/vc_toggle][vc_toggle title=&#8221;Arora Spa&amp;Beauty&#8217;de masaj hizmetleri var m\u0131?&#8221; css_animation=&#8221;fadeIn&#8221;]Evet, merkezimizde masaj hizmetleri sunulmaktad\u0131r. Profesyonel masaj terapistlerimiz, ziyaret\u00e7ilerimize \u00f6zel masaj terapileri sunmakta ve rahatlamalar\u0131n\u0131 sa\u011flamaktad\u0131r.[\/vc_toggle]<div class=\"kd-shapes shape_dots with-parallax kd-animated zoomIn\" style=\"top: -70px;left: -65px;width: 172px;height: 156px;\" data-parallax-speed=\"0.1\" data-animation-delay=400><\/div>[\/vc_column_inner][vc_column_inner width=&#8221;1\/2&#8243; css=&#8221;.vc_custom_1603882867660{padding-right: 0px !important;padding-left: 15px !important;}&#8221; offset=&#8221;vc_col-lg-6 vc_col-md-12&#8243; css_tablet_landscape=&#8221;.vc_custom_1603882867660{padding-right: 15px !important;padding-left: 15px !important;}&#8221; css_tablet_portrait=&#8221;.vc_custom_1603882867661{padding-right: 15px !important;padding-left: 15px !important;}&#8221; css_mobile=&#8221;.vc_custom_1603882867661{padding-right: 15px !important;padding-left: 15px !important;}&#8221;][vc_toggle title=&#8221;Arora Spa&amp;Beauty&#8217;nin konumu nerede?&#8221; open=&#8221;true&#8221; css_animation=&#8221;fadeIn&#8221;]Arora Spa&amp;Beauty, Antalya&#8217;n\u0131n Lara b\u00f6lgesindeki Optimum Luxury Hotel&#8217;de konumlanan bir spa ve g\u00fczellik merkezidir. Merkezimizin tam adresini ve konumunu g\u00f6rmek i\u00e7in web sitemizdeki ileti\u015fim sayfas\u0131ndan bilgi alabilirsiniz.[\/vc_toggle][vc_toggle title=&#8221;Arora Spa&amp;Beauty&#8217;de \u00f6zel etkinlikler veya paketler var m\u0131?&#8221; css_animation=&#8221;fadeIn&#8221;]Evet, merkezimizde d\u00fczenli olarak \u00f6zel etkinlikler ve indirimli paketler sunulmaktad\u0131r. Bu etkinlikler ve paketler hakk\u0131nda daha detayl\u0131 bilgi almak i\u00e7in web sitemizi ziyaret edebilirsiniz.[\/vc_toggle][vc_toggle title=&#8221;Arora Spa&amp;Beauty&#8217;de rezervasyon gerekiyor mu?&#8221; css_animation=&#8221;fadeIn&#8221;]Evet, merkezimizde hizmet almak i\u00e7in \u00f6nceden rezervasyon yapt\u0131rmak gerekmektedir. Rezervasyon i\u015flemleri i\u00e7in web sitemizdeki rezervasyon formunu doldurabilir veya bizimle ileti\u015fime ge\u00e7ebilirsiniz.[\/vc_toggle]<div class=\"kd-shapes shape_dots with-parallax kd-animated zoomIn\" style=\"right: -60px;bottom: 20px;width: 172px;height: 340px;\" data-parallax-speed=\"0.1\" data-animation-delay=400><\/div>[\/vc_column_inner][\/vc_row_inner][\/vc_column][\/vc_row][vc_row full_width=&#8221;stretch_row&#8221; kd_background_image_position=&#8221;vc_row-bg-position-top&#8221; css=&#8221;.vc_custom_1623939264260{padding-top: 120px !important;padding-bottom: 120px !important;}&#8221;][vc_column][vc_row_inner kd_background_image_position=&#8221;vc_row-bg-position-top&#8221;][vc_column_inner]<div data-speed=\"2000\" class=\"kd-text-rotator kd-rotatorid-69f205a3661b6 text-center \"><h2 class=\"kd-text-rotator-container slide\" style=\" font-size: 38px;\">Zihninizi ve Bedeninizi <span class=\"kd-rotator-wrapper\"><span class=\"rotator-single is-visible\">Canland\u0131r\u0131n<\/span><span class=\"rotator-single \">Dinlendirin<\/span><span class=\"rotator-single \">Rahatlat\u0131n<\/span><\/span><\/h2><\/div><header class=\"kd-section-title col-lg-12 text-center  subtitle-below-title kd-animated fadeIn   vc_custom_1677545974025\" data-animation-delay=200><h6 class=\"subtitle\" >Kendinizi \u015e\u0131mart\u0131n<\/h6><\/header><a   class=\"tt_button tt_primary_button btn_primary_color  button-center panel-trigger-btn icon_right  kd-animated zoomIn add-margin-right\" data-animation-delay=200><span class=\"prim_text\">REZERVASYON<\/span><span class=\"fas fa-chevron-right iconita\" ><\/span><\/a>[\/vc_column_inner][\/vc_row_inner][\/vc_column][\/vc_row]<\/p>\n<\/section>","protected":false},"excerpt":{"rendered":"<p>[vc_row full_width=&#8221;stretch_row&#8221; kd_background_image_position=&#8221;vc_row-bg-position-top&#8221;][vc_column css=&#8221;.vc_custom_1516008233239{padding-right: 0px !important;padding-left: 0px !important;}&#8221;][\/vc_column][\/vc_row][vc_row full_width=&#8221;stretch_row_content_no_spaces&#8221; kd_background_image_position=&#8221;vc_row-bg-position-top&#8221; css_tablet_portrait=&#8221;.vc_custom_1605532527183{margin-top: 50px !important;}&#8221; css_mobile=&#8221;.vc_custom_1605532527184{margin-top: 20px !important;}&#8221;][vc_column css=&#8221;.vc_custom_1515752234075{padding-right: 0px !important;padding-left: 0px [&hellip;]<\/p>\n","protected":false},"author":1,"featured_media":0,"parent":0,"menu_order":0,"comment_status":"closed","ping_status":"closed","template":"","meta":{"footnotes":""},"class_list":["post-5746","page","type-page","status-publish","hentry"],"lang":"tr","translations":{"tr":5746},"pll_sync_post":[],"_links":{"self":[{"href":"https:\/\/aroraspabeauty.com\/index.php?rest_route=\/wp\/v2\/pages\/5746","targetHints":{"allow":["GET"]}}],"collection":[{"href":"https:\/\/aroraspabeauty.com\/index.php?rest_route=\/wp\/v2\/pages"}],"about":[{"href":"https:\/\/aroraspabeauty.com\/index.php?rest_route=\/wp\/v2\/types\/page"}],"author":[{"embeddable":true,"href":"https:\/\/aroraspabeauty.com\/index.php?rest_route=\/wp\/v2\/users\/1"}],"replies":[{"embeddable":true,"href":"https:\/\/aroraspabeauty.com\/index.php?rest_route=%2Fwp%2Fv2%2Fcomments&post=5746"}],"version-history":[{"count":10,"href":"https:\/\/aroraspabeauty.com\/index.php?rest_route=\/wp\/v2\/pages\/5746\/revisions"}],"predecessor-version":[{"id":9834,"href":"https:\/\/aroraspabeauty.com\/index.php?rest_route=\/wp\/v2\/pages\/5746\/revisions\/9834"}],"wp:attachment":[{"href":"https:\/\/aroraspabeauty.com\/index.php?rest_route=%2Fwp%2Fv2%2Fmedia&parent=5746"}],"curies":[{"name":"wp","href":"https:\/\/api.w.org\/{rel}","templated":true}]}}