{"id":5750,"date":"2018-10-22T13:48:22","date_gmt":"2018-10-22T10:48:22","guid":{"rendered":"https:\/\/www.ekko-wp.com\/?page_id=5750"},"modified":"2023-02-28T17:43:00","modified_gmt":"2023-02-28T14:43:00","slug":"iletisim","status":"publish","type":"page","link":"https:\/\/aroraspabeauty.com\/?page_id=5750","title":{"rendered":"\u0130LET\u0130\u015e\u0130M"},"content":{"rendered":"<section class=\"wpb-content-wrapper\"><p>[vc_row full_width=&#8221;stretch_row_content_no_spaces&#8221; kd_background_image_position=&#8221;vc_row-bg-position-top&#8221; css=&#8221;.vc_custom_1677516718793{background-color: #ffffff !important;}&#8221; css_tablet_portrait=&#8221;.vc_custom_1677516718794{background-color: #ffffff !important;}&#8221; css_mobile=&#8221;.vc_custom_1677516718794{background-color: #ffffff !important;}&#8221; css_tablet_landscape=&#8221;.vc_custom_1677516718794{background-color: #ffffff !important;}&#8221;][vc_column css=&#8221;.vc_custom_1677516591242{padding-top: 50px !important;}&#8221;][vc_row_inner kd_background_image_position=&#8221;vc_row-bg-position-top&#8221; css=&#8221;.vc_custom_1677511514604{padding-top: 0px !important;padding-bottom: 60px !important;}&#8221; css_mobile=&#8221;.vc_custom_1677511514604{padding-bottom: 0px !important;}&#8221;][vc_column_inner width=&#8221;1\/3&#8243;]<div class=\"cb-container  content-center   kd-animated fadeInUp\" data-animation-delay=200><div class=\"cb-wrapper\" style=\"background-color: #fff;\"><div class=\"cb-img-area\"><i class=\"iconsmind-Phone-2 iconsmind-Desktop-apps\" style=\" \"><\/i> <\/div><div class=\"cb-text-area\">\n                      <h4 class=\"cb-heading\" >B\u0130Z\u0130 ARAYIN!<\/h4><p >Rezervasyon i\u00e7in hemen ileti\u015fime ge\u00e7in.<\/p><a class=\"cb-simple-link\" href=\"tel:+90 0507 508 24 02\" target=\"_self\" >Aray\u0131n<\/a><\/div><\/div><\/div>[\/vc_column_inner][vc_column_inner width=&#8221;1\/3&#8243;]<div class=\"cb-container  content-center   kd-animated fadeInUp\" data-animation-delay=400><div class=\"cb-wrapper\" style=\"background-color: #fff;\"><div class=\"cb-img-area\"><i class=\"iconsmind-Instagram iconsmind-Social-Media\" style=\" \"><\/i> <\/div><div class=\"cb-text-area\">\n                      <h4 class=\"cb-heading\" >Takip Edin!<\/h4><p >Bizi sosyal medyada takip edin<\/p><a class=\"cb-simple-link\" href=\"https:\/\/www.instagram.com\/aroraspabeauty\/\" target=\"_blank\" >Takip Edin<\/a><\/div><\/div><\/div>[\/vc_column_inner][vc_column_inner width=&#8221;1\/3&#8243;]<div class=\"cb-container  content-center   kd-animated fadeInUp\" data-animation-delay=200><div class=\"cb-wrapper\" style=\"background-color: #fff;\"><div class=\"cb-img-area\"><i class=\"iconsmind-Map-Marker2 iconsmind-Maps-Locations\" style=\" \"><\/i> <\/div><div class=\"cb-text-area\">\n                      <h4 class=\"cb-heading\" >ADRES!<\/h4><p >G\u00fczeloba 2105. Sk. 07230 Muratpa\u015fa\/Antalya<\/p><a class=\"cb-simple-link\" href=\"https:\/\/goo.gl\/maps\/MDRytT8AHF2Qj32s7\" target=\"_self\" >Yol Tarifi<\/a><\/div><\/div><\/div>[\/vc_column_inner][\/vc_row_inner][\/vc_column][\/vc_row][vc_row full_width=&#8221;stretch_row&#8221; parallax=&#8221;content-moving&#8221; parallax_speed_bg=&#8221;1.1&#8243; kd_background_image_position=&#8221;vc_row-bg-position-center&#8221; css=&#8221;.vc_custom_1677506615852{padding-top: 100px !important;padding-bottom: 10px !important;}&#8221; css_tablet_portrait=&#8221;.vc_custom_1677506615852{padding-bottom: 100px !important;}&#8221; css_mobile=&#8221;.vc_custom_1677506615853{padding-bottom: 100px !important;}&#8221;][vc_column][vc_row_inner content_placement=&#8221;middle&#8221; kd_background_image_position=&#8221;vc_row-bg-position-top&#8221;][vc_column_inner width=&#8221;1\/2&#8243; css=&#8221;.vc_custom_1600770903950{padding-left: 0px !important;}&#8221; offset=&#8221;vc_col-lg-6 vc_col-md-12&#8243;][vc_gmaps link=&#8221;#E-8_JTNDaWZyYW1lJTIwc3JjJTNEJTIyaHR0cHMlM0ElMkYlMkZ3d3cuZ29vZ2xlLmNvbSUyRm1hcHMlMkZlbWJlZCUzRnBiJTNEJTIxMW0xNCUyMTFtOCUyMTFtMyUyMTFkMTI3NjkuNzc3NDY2OTY2NTIzJTIxMmQzMC43ODcwMDQ3JTIxM2QzNi44NTU3ODExJTIxM20yJTIxMWkxMDI0JTIxMmk3NjglMjE0ZjEzLjElMjEzbTMlMjExbTIlMjExczB4MTRjMzliZTZiY2M4MzI4MSUyNTNBMHhmNGNmZDJhNmJlNWUwMGZlJTIxMnNBcm9yYSUyNTIwU3BhJTI1MjAlMjUyNiUyNTIwQmVhdXR5JTIxNWUwJTIxM20yJTIxMXN0ciUyMTJzdHIlMjE0djE2Nzc0MjI0MDUwNjYlMjE1bTIlMjExc3RyJTIxMnN0ciUyMiUyMHdpZHRoJTNEJTIyNjAwJTIyJTIwaGVpZ2h0JTNEJTIyNDUwJTIyJTIwZnJhbWVib3JkZXIlM0QlMjIwJTIyJTIwc3R5bGUlM0QlMjJib3JkZXIlM0EwJTIyJTIwYWxsb3dmdWxsc2NyZWVuJTNFJTNDJTJGaWZyYW1lJTNF&#8221;][\/vc_column_inner][vc_column_inner el_class=&#8221;with-shadow&#8221; width=&#8221;1\/2&#8243; css=&#8221;.vc_custom_1600770477696{padding-top: 55px !important;padding-right: 80px !important;padding-bottom: 29px !important;padding-left: 80px !important;background-color: #ffffff !important;border-radius: 10px !important;}&#8221; css_tablet_landscape=&#8221;.vc_custom_1600770477697{padding-right: 40px !important;padding-left: 40px !important;}&#8221; offset=&#8221;vc_col-lg-6 vc_col-md-12&#8243; css_tablet_portrait=&#8221;.vc_custom_1600770477698{padding-right: 40px !important;padding-left: 40px !important;}&#8221; css_mobile=&#8221;.vc_custom_1600770477698{padding-right: 40px !important;padding-left: 40px !important;}&#8221;]<header class=\"kd-section-title col-lg-12 text-center  subtitle-below-title kd-animated fadeIn   vc_custom_1677513925383\" data-animation-delay=200><h4 class=\"separator_off\" >Arora Spa&amp;Beuaty<\/h4><h6 class=\"subtitle\" style=\"font-size:15px;\">Bize bir mesaj g\u00f6ndermek isterseniz, l\u00fctfen formu tamamlay\u0131n. Size hemen geri d\u00f6nece\u011fiz.<\/h6><\/header><div class=\"kd-contact-form full-width-cf  cf-with-border   kd-animated fadeIn\" data-animation-delay=400>\n<div class=\"wpcf7 no-js\" id=\"wpcf7-f8644-o1\" lang=\"en-US\" dir=\"ltr\">\n<div class=\"screen-reader-response\"><p role=\"status\" aria-live=\"polite\" aria-atomic=\"true\"><\/p> <ul><\/ul><\/div>\n<form action=\"\/index.php?rest_route=%2Fwp%2Fv2%2Fpages%2F5750#wpcf7-f8644-o1\" method=\"post\" class=\"wpcf7-form init\" aria-label=\"Contact form\" novalidate=\"novalidate\" data-status=\"init\">\n<div style=\"display: none;\">\n<input type=\"hidden\" name=\"_wpcf7\" value=\"8644\" \/>\n<input type=\"hidden\" name=\"_wpcf7_version\" value=\"5.7.4\" \/>\n<input type=\"hidden\" name=\"_wpcf7_locale\" value=\"en_US\" \/>\n<input type=\"hidden\" name=\"_wpcf7_unit_tag\" value=\"wpcf7-f8644-o1\" \/>\n<input type=\"hidden\" name=\"_wpcf7_container_post\" value=\"0\" \/>\n<input type=\"hidden\" name=\"_wpcf7_posted_data_hash\" value=\"\" \/>\n<\/div>\n<p><span class=\"wpcf7-form-control-wrap\" data-name=\"your-name\"><input size=\"40\" class=\"wpcf7-form-control wpcf7-text wpcf7-validates-as-required\" aria-required=\"true\" aria-invalid=\"false\" placeholder=\"Enter your name\" value=\"\" type=\"text\" name=\"your-name\" \/><\/span><br \/>\n<span class=\"wpcf7-form-control-wrap\" data-name=\"your-email\"><input size=\"40\" class=\"wpcf7-form-control wpcf7-text wpcf7-email wpcf7-validates-as-required wpcf7-validates-as-email\" aria-required=\"true\" aria-invalid=\"false\" placeholder=\"Enter your email\" value=\"\" type=\"email\" name=\"your-email\" \/><\/span><br \/>\n<span class=\"wpcf7-form-control-wrap\" data-name=\"your-message\"><textarea cols=\"40\" rows=\"10\" class=\"wpcf7-form-control wpcf7-textarea\" aria-invalid=\"false\" placeholder=\"Your message\" name=\"your-message\"><\/textarea><\/span><br \/>\n<input class=\"wpcf7-form-control has-spinner wpcf7-submit\" type=\"submit\" value=\"Submit\" \/>\n<\/p><div class=\"wpcf7-response-output\" aria-hidden=\"true\"><\/div>\n<\/form>\n<\/div>\n<\/div>[\/vc_column_inner][\/vc_row_inner][\/vc_column][\/vc_row][vc_row full_width=&#8221;stretch_row&#8221; kd_background_image_position=&#8221;vc_row-bg-position-top&#8221; css=&#8221;.vc_custom_1677517362734{margin-top: -3px !important;background-color: #faefed !important;}&#8221;][vc_column][vc_row_inner content_placement=&#8221;middle&#8221; kd_background_image_position=&#8221;vc_row-bg-position-top&#8221; css=&#8221;.vc_custom_1605546062205{padding-top: 50px !important;padding-bottom: 50px !important;}&#8221; css_tablet_landscape=&#8221;.vc_custom_1605546062206{padding-top: 100px !important;padding-bottom: 100px !important;}&#8221; css_tablet_portrait=&#8221;.vc_custom_1605546062207{padding-top: 100px !important;padding-bottom: 100px !important;}&#8221; css_mobile=&#8221;.vc_custom_1605546062208{padding-top: 100px !important;padding-bottom: 100px !important;}&#8221;][vc_column_inner width=&#8221;2\/3&#8243; css=&#8221;.vc_custom_1605197884325{padding-right: 110px !important;padding-left: 0px !important;}&#8221; offset=&#8221;vc_col-lg-offset-0 vc_col-lg-6 vc_col-md-offset-2 vc_col-md-8 vc_col-sm-offset-2&#8243; css_tablet_landscape=&#8221;.vc_custom_1605197884325{padding-right: 0px !important;}&#8221; css_tablet_portrait=&#8221;.vc_custom_1605197884326{padding-right: 15px !important;padding-left: 15px !important;}&#8221; css_mobile=&#8221;.vc_custom_1605197884326{padding-right: 15px !important;padding-left: 15px !important;}&#8221;]<header class=\"kd-section-title col-lg-12 text-left solid-line sep-border-width-2 120px subtitle-below-title kd-animated fadeIn   vc_custom_1677517191674\" data-animation-delay=200><h2 class=\"separator_on\" style=\"margin-bottom:30px;\">ARORA SPA&amp;BEAUTY<\/h2><div class=\"kd-separator below_title\" style=\"width:120px;\"><div class=\"kd-separator-line\" ><\/div><\/div><h6 class=\"subtitle\" style=\"color: #696969;\">Tan\u0131t\u0131m videosu, Arora Spa Beauty'nin modern ve l\u00fcks tasar\u0131m\u0131n\u0131 sakinle\u015ftirici atmosferini ve tamamlay\u0131c\u0131 terapilerini tan\u0131t\u0131rken, ayn\u0131 zamanda spa merkezinin sundu\u011fu hizmetleri de detayl\u0131 bir \u015fekilde a\u00e7\u0131klar.<\/h6><\/header>[\/vc_column_inner][vc_column_inner css=&#8221;.vc_custom_1599050763930{padding-right: 0px !important;padding-left: 100px !important;}&#8221; offset=&#8221;vc_col-lg-6&#8243; css_tablet_landscape=&#8221;.vc_custom_1599050763933{padding-top: 80px !important;padding-right: 15px !important;padding-left: 15px !important;}&#8221; css_tablet_portrait=&#8221;.vc_custom_1599050763934{padding-top: 80px !important;padding-right: 15px !important;padding-left: 15px !important;}&#8221; css_mobile=&#8221;.vc_custom_1599050763935{padding-top: 50px !important;padding-right: 15px !important;padding-left: 15px !important;}&#8221;]<div class=\"video-container play-button-center small-video-btn   kd-animated fadeIn\" data-animation-delay=200><img loading=\"lazy\" decoding=\"async\" width=\"1600\" height=\"1066\" src=\"https:\/\/aroraspabeauty.com\/wp-content\/uploads\/2023\/02\/AroraSpaBeauty2.jpeg\" class=\"attachment-full\" alt=\"\" title=\"AroraSpaBeauty2\" srcset=\"https:\/\/aroraspabeauty.com\/wp-content\/uploads\/2023\/02\/AroraSpaBeauty2.jpeg 1600w, https:\/\/aroraspabeauty.com\/wp-content\/uploads\/2023\/02\/AroraSpaBeauty2-300x200.jpeg 300w, https:\/\/aroraspabeauty.com\/wp-content\/uploads\/2023\/02\/AroraSpaBeauty2-1024x682.jpeg 1024w, https:\/\/aroraspabeauty.com\/wp-content\/uploads\/2023\/02\/AroraSpaBeauty2-768x512.jpeg 768w, https:\/\/aroraspabeauty.com\/wp-content\/uploads\/2023\/02\/AroraSpaBeauty2-1536x1023.jpeg 1536w, https:\/\/aroraspabeauty.com\/wp-content\/uploads\/2023\/02\/AroraSpaBeauty2-800x533.jpeg 800w\" sizes=\"auto, (max-width: 1600px) 100vw, 1600px\" \/><a data-toggle=\"modal\" data-target=\"#video-modal-kd-video-modal-69f20584ae491\" data-src=\"https:\/\/www.youtube.com\/embed\/fJ-i3QEl7RA\" data-backdrop=\"true\" class=\" play-btn-hover-primary-color\"><span class=\"play-video\"><span class=\"sway-play\"><\/span><\/span><\/a><\/div><div class=\"modal fade video-modal\" id=\"video-modal-kd-video-modal-69f20584ae491\" role=\"dialog\">\n                            <div class=\"modal-content\">\n                            <button type=\"button\" class=\"close\" data-dismiss=\"modal\">\u00d7<\/button>\n                            <div class=\"row\"><iframe width=\"1024\" height=\"576\" allow=\"autoplay; fullscreen\"><\/iframe><\/div>\n                            <\/div>\n                        <\/div><div class=\"kd-shapes shape_rectangle  \" style=\"top: -60px;right: -82vw;width: 100vw;height: 550px;background-color: #ffffff;\"  ><\/div><div class=\"kd-shapes shape_dots with-parallax kd-animated zoomIn\" style=\"top: -30px;right: -58px;width: 172px;height: 173px;\" data-parallax-speed=\"-0.05\" data-animation-delay=400><\/div>[\/vc_column_inner][\/vc_row_inner][\/vc_column][\/vc_row]<\/p>\n<\/section>","protected":false},"excerpt":{"rendered":"<p>[vc_row full_width=&#8221;stretch_row_content_no_spaces&#8221; kd_background_image_position=&#8221;vc_row-bg-position-top&#8221; css=&#8221;.vc_custom_1677516718793{background-color: #ffffff !important;}&#8221; css_tablet_portrait=&#8221;.vc_custom_1677516718794{background-color: #ffffff !important;}&#8221; css_mobile=&#8221;.vc_custom_1677516718794{background-color: #ffffff !important;}&#8221; css_tablet_landscape=&#8221;.vc_custom_1677516718794{background-color: #ffffff !important;}&#8221;][vc_column css=&#8221;.vc_custom_1677516591242{padding-top: 50px !important;}&#8221;][vc_row_inner kd_background_image_position=&#8221;vc_row-bg-position-top&#8221; css=&#8221;.vc_custom_1677511514604{padding-top: [&hellip;]<\/p>\n","protected":false},"author":1,"featured_media":9727,"parent":0,"menu_order":0,"comment_status":"closed","ping_status":"closed","template":"","meta":{"footnotes":""},"class_list":["post-5750","page","type-page","status-publish","has-post-thumbnail","hentry"],"lang":"tr","translations":{"tr":5750},"pll_sync_post":[],"_links":{"self":[{"href":"https:\/\/aroraspabeauty.com\/index.php?rest_route=\/wp\/v2\/pages\/5750","targetHints":{"allow":["GET"]}}],"collection":[{"href":"https:\/\/aroraspabeauty.com\/index.php?rest_route=\/wp\/v2\/pages"}],"about":[{"href":"https:\/\/aroraspabeauty.com\/index.php?rest_route=\/wp\/v2\/types\/page"}],"author":[{"embeddable":true,"href":"https:\/\/aroraspabeauty.com\/index.php?rest_route=\/wp\/v2\/users\/1"}],"replies":[{"embeddable":true,"href":"https:\/\/aroraspabeauty.com\/index.php?rest_route=%2Fwp%2Fv2%2Fcomments&post=5750"}],"version-history":[{"count":23,"href":"https:\/\/aroraspabeauty.com\/index.php?rest_route=\/wp\/v2\/pages\/5750\/revisions"}],"predecessor-version":[{"id":9801,"href":"https:\/\/aroraspabeauty.com\/index.php?rest_route=\/wp\/v2\/pages\/5750\/revisions\/9801"}],"wp:featuredmedia":[{"embeddable":true,"href":"https:\/\/aroraspabeauty.com\/index.php?rest_route=\/wp\/v2\/media\/9727"}],"wp:attachment":[{"href":"https:\/\/aroraspabeauty.com\/index.php?rest_route=%2Fwp%2Fv2%2Fmedia&parent=5750"}],"curies":[{"name":"wp","href":"https:\/\/api.w.org\/{rel}","templated":true}]}}