{"id":7699,"date":"2020-08-05T09:24:46","date_gmt":"2020-08-05T06:24:46","guid":{"rendered":"https:\/\/www.swaytheme.com\/?page_id=7699"},"modified":"2023-03-02T04:01:12","modified_gmt":"2023-03-02T01:01:12","slug":"galeri","status":"publish","type":"page","link":"https:\/\/aroraspabeauty.com\/?page_id=7699","title":{"rendered":"GALER\u0130"},"content":{"rendered":"<section class=\"wpb-content-wrapper\"><p>[vc_row kd_background_image_position=&#8221;vc_row-bg-position-top&#8221; css=&#8221;.vc_custom_1607020063942{padding-top: 225px !important;padding-right: 10px !important;padding-left: 10px !important;}&#8221; css_tablet_landscape=&#8221;.vc_custom_1607020063943{padding-top: 100px !important;padding-right: 0px !important;padding-left: 0px !important;}&#8221; css_tablet_portrait=&#8221;.vc_custom_1607020063944{padding-top: 100px !important;padding-right: 0px !important;padding-left: 0px !important;}&#8221; css_mobile=&#8221;.vc_custom_1607020063945{padding-top: 100px !important;padding-right: 0px !important;padding-left: 0px !important;}&#8221;][vc_column css=&#8221;.vc_custom_1607020072712{padding-bottom: 90px !important;}&#8221; css_tablet_landscape=&#8221;.vc_custom_1607020072714{padding-bottom: 30px !important;}&#8221; css_tablet_portrait=&#8221;.vc_custom_1607020072715{padding-right: 0px !important;padding-bottom: 30px !important;padding-left: 0px !important;}&#8221; css_mobile=&#8221;.vc_custom_1607020072716{padding-right: 0px !important;padding-bottom: 30px !important;padding-left: 0px !important;}&#8221;]<div class=\"kd-title-label text-center      vc_custom_1677460285461\" ><span class=\"kd-title-label-solid\">Arora Spa&amp;Beauty<\/span><span class=\"kd-title-label-transparent\">Optimum Luxury Hotel<\/span><\/div><header class=\"kd-section-title col-lg-12 text-center  subtitle-below-title   \" ><h1 class=\"separator_off\" >Benzersiz ve E\u015fsiz Deneyim!<\/h1><h6 class=\"subtitle\" style=\"color: #7c7c7c;\">Profesyonel ekibimizle size rahatl\u0131k ve konforu ya\u015fatacak hizmet anlay\u0131\u015f\u0131n\u0131 benimsedik.<\/h6><\/header>[\/vc_column][\/vc_row][vc_row full_width=&#8221;stretch_row_content&#8221; kd_background_image_position=&#8221;vc_row-bg-position-top&#8221; css=&#8221;.vc_custom_1602846954144{padding-top: 85px !important;padding-bottom: 100px !important;}&#8221; css_mobile=&#8221;.vc_custom_1602846954146{padding-bottom: 70px !important;}&#8221;][vc_column][vc_row_inner full_width=&#8221;inner_row_contained&#8221; kd_background_image_position=&#8221;vc_row-bg-position-top&#8221;][vc_column_inner css_tablet_landscape=&#8221;.vc_custom_1602848209491{padding-right: 100px !important;padding-left: 100px !important;}&#8221; css_tablet_portrait=&#8221;.vc_custom_1602848209492{padding-right: 0px !important;padding-left: 0px !important;}&#8221; css=&#8221;.vc_custom_1602848209491{padding-right: 150px !important;padding-left: 150px !important;}&#8221; css_mobile=&#8221;.vc_custom_1602848209492{padding-right: 0px !important;padding-left: 0px !important;}&#8221;]<div class=\"photo-gallery-wrapper disable-transparent-items carousel-layout kd-photo-gallery-69f205a365ce9 nav-arrows\">\r\n              <div class=\"gallery-items\"><div class=\"pg-child-image\" ><a href=https:\/\/aroraspabeauty.com\/wp-content\/uploads\/2023\/02\/WhatsApp-Image-2023-02-20-at-17.56.38-35-1024x682.jpeg data-size=\"1024x682\"  ><img loading=\"lazy\" decoding=\"async\" width=\"1600\" height=\"1066\" src=\"https:\/\/aroraspabeauty.com\/wp-content\/uploads\/2023\/02\/WhatsApp-Image-2023-02-20-at-17.56.38-35.jpeg\" class=\"attachment-full\" alt=\"\" title=\"WhatsApp Image 2023-02-20 at 17.56.38 (35)\" srcset=\"https:\/\/aroraspabeauty.com\/wp-content\/uploads\/2023\/02\/WhatsApp-Image-2023-02-20-at-17.56.38-35.jpeg 1600w, https:\/\/aroraspabeauty.com\/wp-content\/uploads\/2023\/02\/WhatsApp-Image-2023-02-20-at-17.56.38-35-300x200.jpeg 300w, https:\/\/aroraspabeauty.com\/wp-content\/uploads\/2023\/02\/WhatsApp-Image-2023-02-20-at-17.56.38-35-1024x682.jpeg 1024w, https:\/\/aroraspabeauty.com\/wp-content\/uploads\/2023\/02\/WhatsApp-Image-2023-02-20-at-17.56.38-35-768x512.jpeg 768w, https:\/\/aroraspabeauty.com\/wp-content\/uploads\/2023\/02\/WhatsApp-Image-2023-02-20-at-17.56.38-35-1536x1023.jpeg 1536w, https:\/\/aroraspabeauty.com\/wp-content\/uploads\/2023\/02\/WhatsApp-Image-2023-02-20-at-17.56.38-35-800x533.jpeg 800w\" sizes=\"auto, (max-width: 1600px) 100vw, 1600px\" \/><\/a><\/div><div class=\"pg-child-image\" ><a href=https:\/\/aroraspabeauty.com\/wp-content\/uploads\/2023\/02\/WhatsApp-Image-2023-02-20-at-17.56.38-34-1024x682.jpeg data-size=\"1024x682\"  ><img loading=\"lazy\" decoding=\"async\" width=\"1600\" height=\"1066\" src=\"https:\/\/aroraspabeauty.com\/wp-content\/uploads\/2023\/02\/WhatsApp-Image-2023-02-20-at-17.56.38-34.jpeg\" class=\"attachment-full\" alt=\"\" title=\"WhatsApp Image 2023-02-20 at 17.56.38 (34)\" srcset=\"https:\/\/aroraspabeauty.com\/wp-content\/uploads\/2023\/02\/WhatsApp-Image-2023-02-20-at-17.56.38-34.jpeg 1600w, https:\/\/aroraspabeauty.com\/wp-content\/uploads\/2023\/02\/WhatsApp-Image-2023-02-20-at-17.56.38-34-300x200.jpeg 300w, https:\/\/aroraspabeauty.com\/wp-content\/uploads\/2023\/02\/WhatsApp-Image-2023-02-20-at-17.56.38-34-1024x682.jpeg 1024w, https:\/\/aroraspabeauty.com\/wp-content\/uploads\/2023\/02\/WhatsApp-Image-2023-02-20-at-17.56.38-34-768x512.jpeg 768w, https:\/\/aroraspabeauty.com\/wp-content\/uploads\/2023\/02\/WhatsApp-Image-2023-02-20-at-17.56.38-34-1536x1023.jpeg 1536w, https:\/\/aroraspabeauty.com\/wp-content\/uploads\/2023\/02\/WhatsApp-Image-2023-02-20-at-17.56.38-34-800x533.jpeg 800w\" sizes=\"auto, (max-width: 1600px) 100vw, 1600px\" \/><\/a><\/div><\/div>\r\n            <\/div><script>\r\n              jQuery(document).ready(function($){\r\n                if ($(\".kd-photo-gallery-69f205a365ce9 .gallery-items\").length) {\r\n                  $(\".kd-photo-gallery-69f205a365ce9 .gallery-items\").owlCarousel({\r\n                    stageClass: \"owl-wrapper\",\r\n                    stageOuterClass: \"owl-wrapper-outer\",\r\n                    loadedClass: \"owl-carousel\",\r\n                    items: 1,\r\n                    rewind: true,\r\n                    responsive:{\r\n                        0:{\r\n                            dots: false,\r\n                            nav: true,\r\n                            navSpeed: 500,\r\n                        },\r\n                        1366:{\nnav: true,\r\n                                navSpeed: 500,\r\n                                dots: false,}\r\n                    },\nloop: true,\nautoplay: true,\nautoplayTimeout: 10000,\nautoplayHoverPause: false,\r\n                    addClassActive: true,\r\n                  });\r\n                }\r\n              });\r\n            <\/script>[\/vc_column_inner][\/vc_row_inner][\/vc_column][\/vc_row][vc_row full_width=&#8221;stretch_row&#8221; kd_background_image_position=&#8221;vc_row-bg-position-top&#8221; css=&#8221;.vc_custom_1598450603157{padding-top: 100px !important;padding-bottom: 80px !important;}&#8221;][vc_column width=&#8221;1\/6&#8243;][\/vc_column][vc_column width=&#8221;2\/3&#8243;][vc_row_inner kd_background_image_position=&#8221;vc_row-bg-position-top&#8221;][vc_column_inner]<header class=\"kd-section-title col-lg-8 vc_col-sm-8 text-center  subtitle-below-title kd-animated fadeIn   vc_custom_1677464279151\" data-animation-delay=200><h2 class=\"separator_off\" >Arora Spa&amp;Beauty<\/h2><\/header>[\/vc_column_inner][\/vc_row_inner]<div class=\"mg-gallery mg-container row three-columns\" ><div class=\"mg-sizer\"><\/div><div class=\"mg-single-img small-masonry-img\"><a data-size=\"1066x1600\" href=https:\/\/aroraspabeauty.com\/wp-content\/uploads\/2023\/02\/AroraSpaBeauty4.jpeg  ><img loading=\"lazy\" decoding=\"async\" class=\"\" src=\"https:\/\/aroraspabeauty.com\/wp-content\/uploads\/2023\/02\/AroraSpaBeauty4-800x800.jpeg\" width=\"800\" height=\"800\" alt=\"AroraSpaBeauty4\" title=\"AroraSpaBeauty4\" \/><\/a><\/div><div class=\"mg-single-img small-masonry-img\"><a data-size=\"1600x1066\" href=https:\/\/aroraspabeauty.com\/wp-content\/uploads\/2023\/02\/AroraSpaBeautyhamam.jpeg  ><img loading=\"lazy\" decoding=\"async\" class=\"\" src=\"https:\/\/aroraspabeauty.com\/wp-content\/uploads\/2023\/02\/AroraSpaBeautyhamam-800x800.jpeg\" width=\"800\" height=\"800\" alt=\"AroraSpaBeautyhamam\" title=\"AroraSpaBeautyhamam\" \/><\/a><\/div><div class=\"mg-single-img small-masonry-img\"><a data-size=\"1600x1066\" href=https:\/\/aroraspabeauty.com\/wp-content\/uploads\/2023\/02\/AroraSpaBeauty3.jpeg  ><img loading=\"lazy\" decoding=\"async\" class=\"\" src=\"https:\/\/aroraspabeauty.com\/wp-content\/uploads\/2023\/02\/AroraSpaBeauty3-800x800.jpeg\" width=\"800\" height=\"800\" alt=\"AroraSpaBeauty3\" title=\"AroraSpaBeauty3\" \/><\/a><\/div><div class=\"mg-single-img small-masonry-img\"><a data-size=\"1102x1600\" href=https:\/\/aroraspabeauty.com\/wp-content\/uploads\/2023\/02\/AroraSpaBeauty9.jpeg  ><img loading=\"lazy\" decoding=\"async\" class=\"\" src=\"https:\/\/aroraspabeauty.com\/wp-content\/uploads\/2023\/02\/AroraSpaBeauty9-800x800.jpeg\" width=\"800\" height=\"800\" alt=\"AroraSpaBeauty9\" title=\"AroraSpaBeauty9\" \/><\/a><\/div><div class=\"mg-single-img small-masonry-img\"><a data-size=\"1600x1066\" href=https:\/\/aroraspabeauty.com\/wp-content\/uploads\/2023\/02\/AroraSpaBeauty8.jpeg  ><img loading=\"lazy\" decoding=\"async\" class=\"\" src=\"https:\/\/aroraspabeauty.com\/wp-content\/uploads\/2023\/02\/AroraSpaBeauty8-800x800.jpeg\" width=\"800\" height=\"800\" alt=\"AroraSpaBeauty8\" title=\"AroraSpaBeauty8\" \/><\/a><\/div><div class=\"mg-single-img small-masonry-img\"><a data-size=\"1066x1600\" href=https:\/\/aroraspabeauty.com\/wp-content\/uploads\/2023\/02\/AroraSpaBeautyservis.jpeg  ><img loading=\"lazy\" decoding=\"async\" class=\"\" src=\"https:\/\/aroraspabeauty.com\/wp-content\/uploads\/2023\/02\/AroraSpaBeautyservis-800x800.jpeg\" width=\"800\" height=\"800\" alt=\"AroraSpaBeautyservis\" title=\"AroraSpaBeautyservis\" \/><\/a><\/div><div class=\"mg-single-img small-masonry-img\"><a data-size=\"1600x1066\" href=https:\/\/aroraspabeauty.com\/wp-content\/uploads\/2023\/02\/AroraSpaBeauty2.jpeg  ><img loading=\"lazy\" decoding=\"async\" class=\"\" src=\"https:\/\/aroraspabeauty.com\/wp-content\/uploads\/2023\/02\/AroraSpaBeauty2-800x800.jpeg\" width=\"800\" height=\"800\" alt=\"AroraSpaBeauty2\" title=\"AroraSpaBeauty2\" \/><\/a><\/div><div class=\"mg-single-img small-masonry-img\"><a data-size=\"1600x1066\" href=https:\/\/aroraspabeauty.com\/wp-content\/uploads\/2023\/02\/AroraSpaBeautydinlenme.jpeg  ><img loading=\"lazy\" decoding=\"async\" class=\"\" src=\"https:\/\/aroraspabeauty.com\/wp-content\/uploads\/2023\/02\/AroraSpaBeautydinlenme-800x800.jpeg\" width=\"800\" height=\"800\" alt=\"AroraSpaBeautydinlenme\" title=\"AroraSpaBeautydinlenme\" \/><\/a><\/div><div class=\"mg-single-img small-masonry-img\"><a data-size=\"1600x1066\" href=https:\/\/aroraspabeauty.com\/wp-content\/uploads\/2023\/02\/AroraSpaBeauty5.jpeg  ><img loading=\"lazy\" decoding=\"async\" class=\"\" src=\"https:\/\/aroraspabeauty.com\/wp-content\/uploads\/2023\/02\/AroraSpaBeauty5-800x800.jpeg\" width=\"800\" height=\"800\" alt=\"AroraSpaBeauty5\" title=\"AroraSpaBeauty5\" \/><\/a><\/div><div class=\"mg-single-img small-masonry-img\"><a data-size=\"1600x1200\" href=https:\/\/aroraspabeauty.com\/wp-content\/uploads\/2023\/03\/AroraspaBeuatyhavuz.jpeg  ><img loading=\"lazy\" decoding=\"async\" class=\"\" src=\"https:\/\/aroraspabeauty.com\/wp-content\/uploads\/2023\/03\/AroraspaBeuatyhavuz-800x800.jpeg\" width=\"800\" height=\"800\" alt=\"AroraspaBeuatyhavuz\" title=\"AroraspaBeuatyhavuz\" \/><\/a><\/div><div class=\"mg-single-img small-masonry-img\"><a data-size=\"1200x1600\" href=https:\/\/aroraspabeauty.com\/wp-content\/uploads\/2023\/03\/AroraspaBeuatyhavuz3.jpeg  ><img loading=\"lazy\" decoding=\"async\" class=\"\" src=\"https:\/\/aroraspabeauty.com\/wp-content\/uploads\/2023\/03\/AroraspaBeuatyhavuz3-800x800.jpeg\" width=\"800\" height=\"800\" alt=\"AroraspaBeuatyhavuz3\" title=\"AroraspaBeuatyhavuz3\" \/><\/a><\/div><div class=\"mg-single-img small-masonry-img\"><a data-size=\"1600x1200\" href=https:\/\/aroraspabeauty.com\/wp-content\/uploads\/2023\/03\/AroraspaBeuatyhavuz2.jpeg  ><img loading=\"lazy\" decoding=\"async\" class=\"\" src=\"https:\/\/aroraspabeauty.com\/wp-content\/uploads\/2023\/03\/AroraspaBeuatyhavuz2-800x800.jpeg\" width=\"800\" height=\"800\" alt=\"AroraspaBeuatyhavuz2\" title=\"AroraspaBeuatyhavuz2\" \/><\/a><\/div><div class=\"mg-single-img small-masonry-img\"><a data-size=\"2560x1708\" href=https:\/\/aroraspabeauty.com\/wp-content\/uploads\/2023\/02\/optimumluxuryhotel-scaled.jpg  ><img loading=\"lazy\" decoding=\"async\" class=\"\" src=\"https:\/\/aroraspabeauty.com\/wp-content\/uploads\/2023\/02\/optimumluxuryhotel-scaled-800x800.jpg\" width=\"800\" height=\"800\" alt=\"optimumluxuryhotel\" title=\"optimumluxuryhotel\" \/><\/a><\/div><div class=\"mg-single-img small-masonry-img\"><a data-size=\"2560x1708\" href=https:\/\/aroraspabeauty.com\/wp-content\/uploads\/2023\/02\/optimumluxurylobi-scaled.jpg  ><img loading=\"lazy\" decoding=\"async\" class=\"\" src=\"https:\/\/aroraspabeauty.com\/wp-content\/uploads\/2023\/02\/optimumluxurylobi-scaled-800x800.jpg\" width=\"800\" height=\"800\" alt=\"optimumluxurylobi\" title=\"optimumluxurylobi\" \/><\/a><\/div><div class=\"mg-single-img small-masonry-img\"><a data-size=\"2048x1367\" href=https:\/\/aroraspabeauty.com\/wp-content\/uploads\/2023\/02\/optimumluxuryhotelhavuz.png  ><img loading=\"lazy\" decoding=\"async\" class=\"\" src=\"https:\/\/aroraspabeauty.com\/wp-content\/uploads\/2023\/02\/optimumluxuryhotelhavuz-800x800.png\" width=\"800\" height=\"800\" alt=\"optimumluxuryhotelhavuz\" title=\"optimumluxuryhotelhavuz\" \/><\/a><\/div><\/div>[\/vc_column][vc_column width=&#8221;1\/6&#8243;][\/vc_column][\/vc_row][vc_row full_width=&#8221;stretch_row&#8221; kd_background_image_position=&#8221;vc_row-bg-position-top&#8221; css=&#8221;.vc_custom_1677452603833{background-color: #faefed !important;}&#8221;][vc_column][vc_row_inner content_placement=&#8221;middle&#8221; kd_background_image_position=&#8221;vc_row-bg-position-top&#8221; css=&#8221;.vc_custom_1605546062205{padding-top: 50px !important;padding-bottom: 50px !important;}&#8221; css_tablet_landscape=&#8221;.vc_custom_1605546062206{padding-top: 100px !important;padding-bottom: 100px !important;}&#8221; css_tablet_portrait=&#8221;.vc_custom_1605546062207{padding-top: 100px !important;padding-bottom: 100px !important;}&#8221; css_mobile=&#8221;.vc_custom_1605546062208{padding-top: 100px !important;padding-bottom: 100px !important;}&#8221;][vc_column_inner width=&#8221;2\/3&#8243; css=&#8221;.vc_custom_1605197884325{padding-right: 110px !important;padding-left: 0px !important;}&#8221; offset=&#8221;vc_col-lg-offset-0 vc_col-lg-6 vc_col-md-offset-2 vc_col-md-8 vc_col-sm-offset-2&#8243; css_tablet_landscape=&#8221;.vc_custom_1605197884325{padding-right: 0px !important;}&#8221; css_tablet_portrait=&#8221;.vc_custom_1605197884326{padding-right: 15px !important;padding-left: 15px !important;}&#8221; css_mobile=&#8221;.vc_custom_1605197884326{padding-right: 15px !important;padding-left: 15px !important;}&#8221;]<header class=\"kd-section-title col-lg-12 text-left solid-line sep-border-width-2 120px subtitle-below-title kd-animated fadeIn   vc_custom_1677452697548\" data-animation-delay=200><h2 class=\"separator_on\" style=\"margin-bottom:30px;\">ARORA SPA&amp;BEAUTY<\/h2><div class=\"kd-separator below_title\" style=\"width:120px;\"><div class=\"kd-separator-line\" ><\/div><\/div><h6 class=\"subtitle\" style=\"color: #696969;\">Tan\u0131t\u0131m videosu, Arora Spa Beauty'nin modern ve l\u00fcks tasar\u0131m\u0131n\u0131 sakinle\u015ftirici atmosferini ve tamamlay\u0131c\u0131 terapilerini tan\u0131t\u0131rken, ayn\u0131 zamanda spa merkezinin sundu\u011fu hizmetleri de detayl\u0131 bir \u015fekilde a\u00e7\u0131klar.<\/h6><\/header><a   class=\"tt_button tt_primary_button btn_primary_color  btn-align-left panel-trigger-btn   kd-animated zoomIn\" data-animation-delay=200><span class=\"prim_text\">REZERVASYON<\/span><\/a>[\/vc_column_inner][vc_column_inner css=&#8221;.vc_custom_1599050763930{padding-right: 0px !important;padding-left: 100px !important;}&#8221; offset=&#8221;vc_col-lg-6&#8243; css_tablet_landscape=&#8221;.vc_custom_1599050763933{padding-top: 80px !important;padding-right: 15px !important;padding-left: 15px !important;}&#8221; css_tablet_portrait=&#8221;.vc_custom_1599050763934{padding-top: 80px !important;padding-right: 15px !important;padding-left: 15px !important;}&#8221; css_mobile=&#8221;.vc_custom_1599050763935{padding-top: 50px !important;padding-right: 15px !important;padding-left: 15px !important;}&#8221;]<div class=\"video-container play-button-center small-video-btn   kd-animated fadeIn\" data-animation-delay=200><img loading=\"lazy\" decoding=\"async\" width=\"1600\" height=\"1066\" src=\"https:\/\/aroraspabeauty.com\/wp-content\/uploads\/2023\/02\/WhatsApp-Image-2023-02-20-at-17.56.38-31.jpeg\" class=\"attachment-full\" alt=\"\" title=\"WhatsApp Image 2023-02-20 at 17.56.38 (31)\" srcset=\"https:\/\/aroraspabeauty.com\/wp-content\/uploads\/2023\/02\/WhatsApp-Image-2023-02-20-at-17.56.38-31.jpeg 1600w, https:\/\/aroraspabeauty.com\/wp-content\/uploads\/2023\/02\/WhatsApp-Image-2023-02-20-at-17.56.38-31-300x200.jpeg 300w, https:\/\/aroraspabeauty.com\/wp-content\/uploads\/2023\/02\/WhatsApp-Image-2023-02-20-at-17.56.38-31-1024x682.jpeg 1024w, https:\/\/aroraspabeauty.com\/wp-content\/uploads\/2023\/02\/WhatsApp-Image-2023-02-20-at-17.56.38-31-768x512.jpeg 768w, https:\/\/aroraspabeauty.com\/wp-content\/uploads\/2023\/02\/WhatsApp-Image-2023-02-20-at-17.56.38-31-1536x1023.jpeg 1536w, https:\/\/aroraspabeauty.com\/wp-content\/uploads\/2023\/02\/WhatsApp-Image-2023-02-20-at-17.56.38-31-800x533.jpeg 800w\" sizes=\"auto, (max-width: 1600px) 100vw, 1600px\" \/><a data-toggle=\"modal\" data-target=\"#video-modal-kd-video-modal-69f205a3683d0\" data-src=\"https:\/\/www.youtube.com\/embed\/fJ-i3QEl7RA\" data-backdrop=\"true\" class=\" play-btn-hover-primary-color\"><span class=\"play-video\"><span class=\"sway-play\"><\/span><\/span><\/a><\/div><div class=\"modal fade video-modal\" id=\"video-modal-kd-video-modal-69f205a3683d0\" role=\"dialog\">\n                            <div class=\"modal-content\">\n                            <button type=\"button\" class=\"close\" data-dismiss=\"modal\">\u00d7<\/button>\n                            <div class=\"row\"><iframe width=\"1024\" height=\"576\" allow=\"autoplay; fullscreen\"><\/iframe><\/div>\n                            <\/div>\n                        <\/div><div class=\"kd-shapes shape_rectangle  \" style=\"top: -60px;right: -82vw;width: 100vw;height: 550px;background-color: #ffffff;\"  ><\/div><div class=\"kd-shapes shape_dots with-parallax kd-animated zoomIn\" style=\"top: -30px;right: -58px;width: 172px;height: 173px;\" data-parallax-speed=\"-0.05\" data-animation-delay=400><\/div>[\/vc_column_inner][\/vc_row_inner][\/vc_column][\/vc_row]<\/p>\n<\/section>","protected":false},"excerpt":{"rendered":"<p>[vc_row kd_background_image_position=&#8221;vc_row-bg-position-top&#8221; css=&#8221;.vc_custom_1607020063942{padding-top: 225px !important;padding-right: 10px !important;padding-left: 10px !important;}&#8221; css_tablet_landscape=&#8221;.vc_custom_1607020063943{padding-top: 100px !important;padding-right: 0px !important;padding-left: 0px !important;}&#8221; css_tablet_portrait=&#8221;.vc_custom_1607020063944{padding-top: 100px !important;padding-right: 0px [&hellip;]<\/p>\n","protected":false},"author":1,"featured_media":0,"parent":0,"menu_order":0,"comment_status":"closed","ping_status":"closed","template":"","meta":{"footnotes":""},"class_list":["post-7699","page","type-page","status-publish","hentry"],"lang":"tr","translations":{"tr":7699},"pll_sync_post":[],"_links":{"self":[{"href":"https:\/\/aroraspabeauty.com\/index.php?rest_route=\/wp\/v2\/pages\/7699","targetHints":{"allow":["GET"]}}],"collection":[{"href":"https:\/\/aroraspabeauty.com\/index.php?rest_route=\/wp\/v2\/pages"}],"about":[{"href":"https:\/\/aroraspabeauty.com\/index.php?rest_route=\/wp\/v2\/types\/page"}],"author":[{"embeddable":true,"href":"https:\/\/aroraspabeauty.com\/index.php?rest_route=\/wp\/v2\/users\/1"}],"replies":[{"embeddable":true,"href":"https:\/\/aroraspabeauty.com\/index.php?rest_route=%2Fwp%2Fv2%2Fcomments&post=7699"}],"version-history":[{"count":18,"href":"https:\/\/aroraspabeauty.com\/index.php?rest_route=\/wp\/v2\/pages\/7699\/revisions"}],"predecessor-version":[{"id":9863,"href":"https:\/\/aroraspabeauty.com\/index.php?rest_route=\/wp\/v2\/pages\/7699\/revisions\/9863"}],"wp:attachment":[{"href":"https:\/\/aroraspabeauty.com\/index.php?rest_route=%2Fwp%2Fv2%2Fmedia&parent=7699"}],"curies":[{"name":"wp","href":"https:\/\/api.w.org\/{rel}","templated":true}]}}